{"id":2801,"date":"2020-11-27T20:05:42","date_gmt":"2020-11-27T19:05:42","guid":{"rendered":"https:\/\/scaleimpact.hu\/contact\/"},"modified":"2024-02-06T16:11:06","modified_gmt":"2024-02-06T15:11:06","slug":"contact","status":"publish","type":"page","link":"https:\/\/scaleimpact.hu\/en\/contact\/","title":{"rendered":"Contact"},"content":{"rendered":"\t\t<div data-elementor-type=\"wp-page\" data-elementor-id=\"2801\" class=\"elementor elementor-2801 elementor-14\" data-elementor-post-type=\"page\">\n\t\t\t\t\t\t<section class=\"elementor-section elementor-top-section elementor-element elementor-element-ed85e57 elementor-section-boxed elementor-section-height-default elementor-section-height-default\" data-id=\"ed85e57\" data-element_type=\"section\" data-e-type=\"section\" data-settings=\"{&quot;jet_parallax_layout_list&quot;:[],&quot;background_background&quot;:&quot;classic&quot;}\">\n\t\t\t\t\t\t<div class=\"elementor-container elementor-column-gap-default\">\n\t\t\t\t\t<div class=\"elementor-column elementor-col-100 elementor-top-column elementor-element elementor-element-e0e47da\" data-id=\"e0e47da\" data-element_type=\"column\" data-e-type=\"column\">\n\t\t\t<div class=\"elementor-widget-wrap elementor-element-populated\">\n\t\t\t\t\t\t<div class=\"elementor-element elementor-element-e13f605 elementor-widget elementor-widget-heading\" data-id=\"e13f605\" data-element_type=\"widget\" data-e-type=\"widget\" data-widget_type=\"heading.default\">\n\t\t\t\t<div class=\"elementor-widget-container\">\n\t\t\t\t\t<h1 class=\"elementor-heading-title elementor-size-default\">Contact<\/h1>\t\t\t\t<\/div>\n\t\t\t\t<\/div>\n\t\t\t\t\t<\/div>\n\t\t<\/div>\n\t\t\t\t\t<\/div>\n\t\t<\/section>\n\t\t\t\t<section class=\"elementor-section elementor-top-section elementor-element elementor-element-0144930 elementor-section-boxed elementor-section-height-default elementor-section-height-default\" data-id=\"0144930\" data-element_type=\"section\" data-e-type=\"section\" data-settings=\"{&quot;jet_parallax_layout_list&quot;:[]}\">\n\t\t\t\t\t\t<div class=\"elementor-container elementor-column-gap-default\">\n\t\t\t\t\t<div class=\"elementor-column elementor-col-50 elementor-top-column elementor-element elementor-element-ceb856c\" data-id=\"ceb856c\" data-element_type=\"column\" data-e-type=\"column\">\n\t\t\t<div class=\"elementor-widget-wrap elementor-element-populated\">\n\t\t\t\t\t\t<div class=\"elementor-element elementor-element-c566764 elementor-widget elementor-widget-heading\" data-id=\"c566764\" data-element_type=\"widget\" data-e-type=\"widget\" data-widget_type=\"heading.default\">\n\t\t\t\t<div class=\"elementor-widget-container\">\n\t\t\t\t\t<h3 class=\"elementor-heading-title elementor-size-default\">Scale Impact Nonprofit Ltd.\n<\/h3>\t\t\t\t<\/div>\n\t\t\t\t<\/div>\n\t\t\t\t<div class=\"elementor-element elementor-element-d885b93 elementor-widget elementor-widget-text-editor\" data-id=\"d885b93\" data-element_type=\"widget\" data-e-type=\"widget\" data-widget_type=\"text-editor.default\">\n\t\t\t\t<div class=\"elementor-widget-container\">\n\t\t\t\t\t\t\t\t\t<p><strong>ADDRESS:<\/strong><br \/>1038 Budapest, Temes utca 11. E. intact. 1.<\/p><p><strong>VAT NUMBER:<\/strong><br \/>29306972-2-41<\/p><p><strong>PHONE:<\/strong><br \/><a style=\"font-weight: 400;\" href=\"tel:+36305879054\">+36 30 587 9054<\/a><\/p><p><strong>EMAIL:<\/strong><br \/><a style=\"font-weight: 400;\" href=\"mailto:info@scaleimpact.hu\">info@scaleimpact.hu<\/a><\/p>\t\t\t\t\t\t\t\t<\/div>\n\t\t\t\t<\/div>\n\t\t\t\t\t<\/div>\n\t\t<\/div>\n\t\t\t\t<div class=\"elementor-column elementor-col-50 elementor-top-column elementor-element elementor-element-6d598b2\" data-id=\"6d598b2\" data-element_type=\"column\" data-e-type=\"column\">\n\t\t\t<div class=\"elementor-widget-wrap elementor-element-populated\">\n\t\t\t\t\t\t<div class=\"elementor-element elementor-element-f5dec00 fluentform-widget-submit-button-full-width fluent-form-widget-step-header-yes fluent-form-widget-step-progressbar-yes elementor-widget elementor-widget-fluent-form-widget\" data-id=\"f5dec00\" data-element_type=\"widget\" data-e-type=\"widget\" data-widget_type=\"fluent-form-widget.default\">\n\t\t\t\t<div class=\"elementor-widget-container\">\n\t\t\t\t\t\n            <div class=\"fluentform-widget-wrapper fluentform-widget-align-default\">\n\n            \n            <div class='fluentform ff-default fluentform_wrapper_5 ffs_default_wrap'><form data-form_id=\"5\" id=\"fluentform_5\" class=\"frm-fluent-form fluent_form_5 ff-el-form-top ff_form_instance_5_1 ff-form-loading ffs_default\" data-form_instance=\"ff_form_instance_5_1\" method=\"POST\" ><fieldset  style=\"border: none!important;margin: 0!important;padding: 0!important;background-color: transparent!important;box-shadow: none!important;outline: none!important; min-inline-size: 100%;\">\n                    <legend class=\"ff_screen_reader_title\" style=\"display: block; margin: 0!important;padding: 0!important;height: 0!important;text-indent: -999999px;width: 0!important;overflow:hidden;\">Kapcsolat - EN<\/legend><p style=\"display: none !important;\" class=\"akismet-fields-container\" data-prefix=\"ak_\"><label>&#916;<textarea name=\"ak_hp_textarea\" cols=\"45\" rows=\"8\" maxlength=\"100\"><\/textarea><\/label><input type=\"hidden\" id=\"ak_js_1\" name=\"ak_js\" value=\"22\"\/><script>document.getElementById( \"ak_js_1\" ).setAttribute( \"value\", ( new Date() ).getTime() );<\/script><\/p>        <div\n                style=\"display: none!important; position: absolute!important; transform: translateX(1000%)!important;\"\n                class=\"ff-el-group ff-hpsf-container\"\n        >\n            <div class=\"ff-el-input--label asterisk-right\">\n                <label for=\"ff_5_item_sf\" aria-label=\"Notify\">\n                    Notify                <\/label>\n            <\/div>\n            <div class=\"ff-el-input--content\">\n                <input type=\"text\"\n                       name=\"item_5__fluent_sf\"\n                       class=\"ff-el-form-control\"\n                       id=\"ff_5_item_sf\"\n                \/>\n            <\/div>\n        <\/div>\n        <input type='hidden' name='__fluent_form_embded_post_id' value='2801' \/><input type=\"hidden\" id=\"_fluentform_5_fluentformnonce\" name=\"_fluentform_5_fluentformnonce\" value=\"e4a27565aa\" \/><input type=\"hidden\" name=\"_wp_http_referer\" value=\"\/en\/wp-json\/wp\/v2\/pages\/2801\" \/><div data-name=\"ff_cn_id_1\"  class='ff-t-container ff-column-container ff_columns_total_2 '><div class='ff-t-cell ff-t-column-1' style='flex-basis: 50%;'><div class='ff-el-group'><div class=\"ff-el-input--label ff-el-is-required asterisk-right\"><label for='ff_5_teljes_nev' id='label_ff_5_teljes_nev' aria-label=\"Name\">Name<\/label><\/div><div class='ff-el-input--content'><input type=\"text\" name=\"teljes_nev\" class=\"ff-el-form-control\" placeholder=\"Name\" data-name=\"teljes_nev\" id=\"ff_5_teljes_nev\"  aria-invalid=\"false\" aria-required=true><\/div><\/div><\/div><div class='ff-t-cell ff-t-column-2' style='flex-basis: 50%;'><div class='ff-el-group'><div class=\"ff-el-input--label ff-el-is-required asterisk-right\"><label for='ff_5_email' id='label_ff_5_email' aria-label=\"E-mail\">E-mail<\/label><\/div><div class='ff-el-input--content'><input type=\"email\" name=\"email\" id=\"ff_5_email\" class=\"ff-el-form-control\" placeholder=\"E-mail\" data-name=\"email\"  aria-invalid=\"false\" aria-required=true><\/div><\/div><\/div><\/div><div class='ff-el-group'><div class=\"ff-el-input--label ff-el-is-required asterisk-right\"><label for='ff_5_uzenet' id='label_ff_5_uzenet' aria-label=\"Message\">Message<\/label><\/div><div class='ff-el-input--content'><textarea aria-required=\"true\" aria-labelledby=\"label_ff_5_uzenet\" name=\"uzenet\" id=\"ff_5_uzenet\" class=\"ff-el-form-control\" placeholder=\"Message\" rows=\"3\" cols=\"2\" data-name=\"uzenet\" ><\/textarea><\/div><\/div><div class='ff-el-group    ff-el-input--content'><div class='ff-el-form-check ff-el-tc'><label aria-label='Terms and Conditions: By submitting this form, you agree to our Privacy Policy. Contains 1 link. Use tab navigation to review.' class='ff-el-form-check-label ff_tc_label' for=gdpr-agreement_0b8759f8bbbf662406919b736b18085f><span class='ff_tc_checkbox'><input type=\"checkbox\" name=\"gdpr-agreement\" class=\"ff-el-form-check-input ff_gdpr_field\" data-name=\"gdpr-agreement\" id=\"gdpr-agreement_0b8759f8bbbf662406919b736b18085f\"  value='on' aria-invalid='false' aria-required=true><\/span> <div class='ff_t_c'>By submitting this form, you agree to our <a href=\"https:\/\/scaleimpact.hu\/en\/data-management\/\" target=\"_blank\">Privacy Policy<\/a>.<\/div><\/label><\/div><\/div><div class='ff-el-group ff-text-left ff_submit_btn_wrapper'><button type=\"submit\" class=\"ff-btn ff-btn-submit ff-btn-md ff_btn_style\"  aria-label=\"Submit form\">Submit form<\/button><\/div><\/fieldset><\/form><div id='fluentform_5_errors' class='ff-errors-in-stack ff_form_instance_5_1 ff-form-loading_errors ff_form_instance_5_1_errors'><\/div><\/div>            <script type=\"text\/javascript\">\n                window.fluent_form_ff_form_instance_5_1 = {\"id\":\"5\",\"settings\":{\"layout\":{\"labelPlacement\":\"top\",\"helpMessagePlacement\":\"with_label\",\"errorMessagePlacement\":\"inline\",\"asteriskPlacement\":\"asterisk-right\"},\"restrictions\":{\"denyEmptySubmission\":{\"enabled\":false}}},\"form_instance\":\"ff_form_instance_5_1\",\"form_id_selector\":\"fluentform_5\",\"rules\":{\"teljes_nev\":{\"required\":{\"value\":true,\"message\":\"Required field\",\"global\":false,\"global_message\":\"This field is required\"}},\"email\":{\"required\":{\"value\":true,\"message\":\"Required field\",\"global\":false,\"global_message\":\"This field is required\"},\"email\":{\"value\":true,\"message\":\"Invalid e-mail address\",\"global\":false,\"global_message\":\"This field must contain a valid email\"}},\"uzenet\":{\"required\":{\"value\":true,\"message\":\"K\\u00f6telez\\u0151 mez\\u0151.\",\"global\":false,\"global_message\":\"This field is required\"}},\"gdpr-agreement\":{\"required\":{\"value\":true,\"message\":\"K\\u00f6telez\\u0151 mez\\u0151.\",\"global\":false,\"global_message\":\"This field is required\"}}},\"debounce_time\":300};\n                            <\/script>\n                        <\/div>\n\n            \t\t\t\t<\/div>\n\t\t\t\t<\/div>\n\t\t\t\t\t<\/div>\n\t\t<\/div>\n\t\t\t\t\t<\/div>\n\t\t<\/section>\n\t\t\t\t<\/div>\n\t\t","protected":false},"excerpt":{"rendered":"<p>Contact Scale Impact Nonprofit Ltd. ADDRESS:1038 Budapest, Temes utca 11. E. intact. 1. VAT NUMBER:29306972-2-41 PHONE:+36 30 587 9054 EMAIL:info@scaleimpact.hu Kapcsolat &#8211; EN &#916; NameE-mailMessage By submitting this form, you agree to our Privacy Policy.Submit form<\/p>\n","protected":false},"author":6,"featured_media":0,"parent":0,"menu_order":0,"comment_status":"closed","ping_status":"closed","template":"","meta":{"footnotes":""},"class_list":["post-2801","page","type-page","status-publish","hentry"],"yoast_head":"<!-- This site is optimized with the Yoast SEO plugin v27.2 - https:\/\/yoast.com\/product\/yoast-seo-wordpress\/ -->\n<title>Contact &#8211; Scale Impact<\/title>\n<meta name=\"robots\" content=\"index, follow, max-snippet:-1, max-image-preview:large, max-video-preview:-1\" \/>\n<link rel=\"canonical\" href=\"https:\/\/scaleimpact.hu\/en\/contact\/\" \/>\n<meta property=\"og:locale\" content=\"en_US\" \/>\n<meta property=\"og:type\" content=\"article\" \/>\n<meta property=\"og:title\" content=\"Contact &#8211; Scale Impact\" \/>\n<meta property=\"og:description\" content=\"Contact Scale Impact Nonprofit Ltd. ADDRESS:1038 Budapest, Temes utca 11. E. intact. 1. VAT NUMBER:29306972-2-41 PHONE:+36 30 587 9054 EMAIL:info@scaleimpact.hu Kapcsolat &#8211; EN &#916; NameE-mailMessage By submitting this form, you agree to our Privacy Policy.Submit form\" \/>\n<meta property=\"og:url\" content=\"https:\/\/scaleimpact.hu\/en\/contact\/\" \/>\n<meta property=\"og:site_name\" content=\"Scale Impact\" \/>\n<meta property=\"article:publisher\" content=\"https:\/\/www.facebook.com\/Scaleimp\/\" \/>\n<meta property=\"article:modified_time\" content=\"2024-02-06T15:11:06+00:00\" \/>\n<meta property=\"og:image\" content=\"https:\/\/scaleimpact.hu\/wp-content\/uploads\/2022\/03\/scale-impact-facebook.png\" \/>\n\t<meta property=\"og:image:width\" content=\"1200\" \/>\n\t<meta property=\"og:image:height\" content=\"630\" \/>\n\t<meta property=\"og:image:type\" content=\"image\/png\" \/>\n<meta name=\"twitter:card\" content=\"summary_large_image\" \/>\n<meta name=\"twitter:label1\" content=\"Est. reading time\" \/>\n\t<meta name=\"twitter:data1\" content=\"1 minute\" \/>\n<script type=\"application\/ld+json\" class=\"yoast-schema-graph\">{\"@context\":\"https:\/\/schema.org\",\"@graph\":[{\"@type\":\"WebPage\",\"@id\":\"https:\/\/scaleimpact.hu\/en\/contact\/\",\"url\":\"https:\/\/scaleimpact.hu\/en\/contact\/\",\"name\":\"Contact &#8211; Scale Impact\",\"isPartOf\":{\"@id\":\"https:\/\/scaleimpact.hu\/en\/#website\"},\"datePublished\":\"2020-11-27T19:05:42+00:00\",\"dateModified\":\"2024-02-06T15:11:06+00:00\",\"breadcrumb\":{\"@id\":\"https:\/\/scaleimpact.hu\/en\/contact\/#breadcrumb\"},\"inLanguage\":\"en-US\",\"potentialAction\":[{\"@type\":\"ReadAction\",\"target\":[\"https:\/\/scaleimpact.hu\/en\/contact\/\"]}]},{\"@type\":\"BreadcrumbList\",\"@id\":\"https:\/\/scaleimpact.hu\/en\/contact\/#breadcrumb\",\"itemListElement\":[{\"@type\":\"ListItem\",\"position\":1,\"name\":\"Kezd\u0151lap\",\"item\":\"https:\/\/scaleimpact.hu\/en\/\"},{\"@type\":\"ListItem\",\"position\":2,\"name\":\"Contact\"}]},{\"@type\":\"WebSite\",\"@id\":\"https:\/\/scaleimpact.hu\/en\/#website\",\"url\":\"https:\/\/scaleimpact.hu\/en\/\",\"name\":\"Scale Impact\",\"description\":\"V\u00e1llalatok \u00e9s nonprofit szervezetek egy\u00fcttm\u0171k\u00f6d\u00e9s\u00e9t seg\u00edtj\u00fck.\",\"publisher\":{\"@id\":\"https:\/\/scaleimpact.hu\/en\/#organization\"},\"potentialAction\":[{\"@type\":\"SearchAction\",\"target\":{\"@type\":\"EntryPoint\",\"urlTemplate\":\"https:\/\/scaleimpact.hu\/en\/?s={search_term_string}\"},\"query-input\":{\"@type\":\"PropertyValueSpecification\",\"valueRequired\":true,\"valueName\":\"search_term_string\"}}],\"inLanguage\":\"en-US\"},{\"@type\":\"Organization\",\"@id\":\"https:\/\/scaleimpact.hu\/en\/#organization\",\"name\":\"Scale Impact\",\"url\":\"https:\/\/scaleimpact.hu\/en\/\",\"logo\":{\"@type\":\"ImageObject\",\"inLanguage\":\"en-US\",\"@id\":\"https:\/\/scaleimpact.hu\/en\/#\/schema\/logo\/image\/\",\"url\":\"https:\/\/scaleimpact.hu\/wp-content\/uploads\/2020\/11\/scale-impact-logo.svg\",\"contentUrl\":\"https:\/\/scaleimpact.hu\/wp-content\/uploads\/2020\/11\/scale-impact-logo.svg\",\"width\":225,\"height\":93,\"caption\":\"Scale Impact\"},\"image\":{\"@id\":\"https:\/\/scaleimpact.hu\/en\/#\/schema\/logo\/image\/\"},\"sameAs\":[\"https:\/\/www.facebook.com\/Scaleimp\/\"]}]}<\/script>\n<!-- \/ Yoast SEO plugin. -->","yoast_head_json":{"title":"Contact &#8211; Scale Impact","robots":{"index":"index","follow":"follow","max-snippet":"max-snippet:-1","max-image-preview":"max-image-preview:large","max-video-preview":"max-video-preview:-1"},"canonical":"https:\/\/scaleimpact.hu\/en\/contact\/","og_locale":"en_US","og_type":"article","og_title":"Contact &#8211; Scale Impact","og_description":"Contact Scale Impact Nonprofit Ltd. ADDRESS:1038 Budapest, Temes utca 11. E. intact. 1. VAT NUMBER:29306972-2-41 PHONE:+36 30 587 9054 EMAIL:info@scaleimpact.hu Kapcsolat &#8211; EN &#916; NameE-mailMessage By submitting this form, you agree to our Privacy Policy.Submit form","og_url":"https:\/\/scaleimpact.hu\/en\/contact\/","og_site_name":"Scale Impact","article_publisher":"https:\/\/www.facebook.com\/Scaleimp\/","article_modified_time":"2024-02-06T15:11:06+00:00","og_image":[{"width":1200,"height":630,"url":"https:\/\/scaleimpact.hu\/wp-content\/uploads\/2022\/03\/scale-impact-facebook.png","type":"image\/png"}],"twitter_card":"summary_large_image","twitter_misc":{"Est. reading time":"1 minute"},"schema":{"@context":"https:\/\/schema.org","@graph":[{"@type":"WebPage","@id":"https:\/\/scaleimpact.hu\/en\/contact\/","url":"https:\/\/scaleimpact.hu\/en\/contact\/","name":"Contact &#8211; Scale Impact","isPartOf":{"@id":"https:\/\/scaleimpact.hu\/en\/#website"},"datePublished":"2020-11-27T19:05:42+00:00","dateModified":"2024-02-06T15:11:06+00:00","breadcrumb":{"@id":"https:\/\/scaleimpact.hu\/en\/contact\/#breadcrumb"},"inLanguage":"en-US","potentialAction":[{"@type":"ReadAction","target":["https:\/\/scaleimpact.hu\/en\/contact\/"]}]},{"@type":"BreadcrumbList","@id":"https:\/\/scaleimpact.hu\/en\/contact\/#breadcrumb","itemListElement":[{"@type":"ListItem","position":1,"name":"Kezd\u0151lap","item":"https:\/\/scaleimpact.hu\/en\/"},{"@type":"ListItem","position":2,"name":"Contact"}]},{"@type":"WebSite","@id":"https:\/\/scaleimpact.hu\/en\/#website","url":"https:\/\/scaleimpact.hu\/en\/","name":"Scale Impact","description":"V\u00e1llalatok \u00e9s nonprofit szervezetek egy\u00fcttm\u0171k\u00f6d\u00e9s\u00e9t seg\u00edtj\u00fck.","publisher":{"@id":"https:\/\/scaleimpact.hu\/en\/#organization"},"potentialAction":[{"@type":"SearchAction","target":{"@type":"EntryPoint","urlTemplate":"https:\/\/scaleimpact.hu\/en\/?s={search_term_string}"},"query-input":{"@type":"PropertyValueSpecification","valueRequired":true,"valueName":"search_term_string"}}],"inLanguage":"en-US"},{"@type":"Organization","@id":"https:\/\/scaleimpact.hu\/en\/#organization","name":"Scale Impact","url":"https:\/\/scaleimpact.hu\/en\/","logo":{"@type":"ImageObject","inLanguage":"en-US","@id":"https:\/\/scaleimpact.hu\/en\/#\/schema\/logo\/image\/","url":"https:\/\/scaleimpact.hu\/wp-content\/uploads\/2020\/11\/scale-impact-logo.svg","contentUrl":"https:\/\/scaleimpact.hu\/wp-content\/uploads\/2020\/11\/scale-impact-logo.svg","width":225,"height":93,"caption":"Scale Impact"},"image":{"@id":"https:\/\/scaleimpact.hu\/en\/#\/schema\/logo\/image\/"},"sameAs":["https:\/\/www.facebook.com\/Scaleimp\/"]}]}},"_links":{"self":[{"href":"https:\/\/scaleimpact.hu\/en\/wp-json\/wp\/v2\/pages\/2801","targetHints":{"allow":["GET"]}}],"collection":[{"href":"https:\/\/scaleimpact.hu\/en\/wp-json\/wp\/v2\/pages"}],"about":[{"href":"https:\/\/scaleimpact.hu\/en\/wp-json\/wp\/v2\/types\/page"}],"author":[{"embeddable":true,"href":"https:\/\/scaleimpact.hu\/en\/wp-json\/wp\/v2\/users\/6"}],"replies":[{"embeddable":true,"href":"https:\/\/scaleimpact.hu\/en\/wp-json\/wp\/v2\/comments?post=2801"}],"version-history":[{"count":9,"href":"https:\/\/scaleimpact.hu\/en\/wp-json\/wp\/v2\/pages\/2801\/revisions"}],"predecessor-version":[{"id":2837,"href":"https:\/\/scaleimpact.hu\/en\/wp-json\/wp\/v2\/pages\/2801\/revisions\/2837"}],"wp:attachment":[{"href":"https:\/\/scaleimpact.hu\/en\/wp-json\/wp\/v2\/media?parent=2801"}],"curies":[{"name":"wp","href":"https:\/\/api.w.org\/{rel}","templated":true}]}}